{"id":11,"date":"2023-05-18T14:28:03","date_gmt":"2023-05-18T14:28:03","guid":{"rendered":"http:\/\/pepllado.com\/?page_id=11"},"modified":"2024-05-27T16:44:21","modified_gmt":"2024-05-27T14:44:21","slug":"politica-de-cookies","status":"publish","type":"page","link":"https:\/\/pepllado.com\/es\/politica-de-cookies\/","title":{"rendered":"Pol\u00edtica de cookies"},"content":{"rendered":"<h2>\u00bfQu\u00e9 son las cookies?<\/h2>\n<p>Las cookies son peque\u00f1os ficheros con informaci\u00f3n que se almacenan en tu navegador web al acceder y usar determinadas p\u00e1ginas web. Estos ficheros permiten que las p\u00e1ginas web puedan recuperar informaci\u00f3n sobre tus h\u00e1bitos y preferencias de navegaci\u00f3n o sobre el dispositivo desde el que te conectas.<\/p>\n<p>A pesar de que son fundamentales para prestar un buen servicio, en funci\u00f3n del tipo de informaci\u00f3n que contengan pueden resultar peligrosas para tu privacidad. Por este motivo, la legislaci\u00f3n espa\u00f1ola ha establecido que para instalar determinados tipos de cookies en el navegador de los usuarios es necesario informar previamente y obtener el consentimiento de los mismos. Mediante la presente Pol\u00edtica de cookies queremos informarte claramente y de modo suficiente sobre el tipo de cookies que empleamos en este sitio web.<\/p>\n<p>&nbsp;<\/p>\n<h2>\u00bfQu\u00e9 tipo de cookies empleamos?<\/h2>\n<p>En esta web empleamos cookies con la finalidad de facilitar su navegaci\u00f3n y proporcionarle una mejor experiencia de navegaci\u00f3n. Las cookies que empleamos se pueden dividir en las siguientes categor\u00edas:<\/p>\n<p><strong>Seg\u00fan desde donde son enviadas:<\/strong><\/p>\n<ol>\n<li aria-level=\"1\">Cookies propias: Son aquellas cookies que se env\u00edan al equipo terminal del usuario desde un equipo o dominio gestionado por nosotros y desde el que se presta el servicio solicitado por el usuario.<\/li>\n<li aria-level=\"1\">Cookies de terceros: Son aquellas cookies que se env\u00edan a su navegador desde un equipo o dominio que no es gestionado por nosotros, sino por otra entidad colaboradora.<\/li>\n<\/ol>\n<p><strong>Seg\u00fan el plazo de tiempo que permanecen activadas:<\/strong><\/p>\n<ol>\n<li aria-level=\"1\">Cookies de sesi\u00f3n: dise\u00f1adas para recabar y almacenar datos mientras el usuario accede a nuestra p\u00e1gina web. Se suelen emplear para almacenar informaci\u00f3n que solo interesa conservar para la prestaci\u00f3n del servicio solicitado por el usuario en una sola ocasi\u00f3n.<\/li>\n<li aria-level=\"1\">Cookies persistentes: los datos siguen almacenados en el terminal y pueden ser accedidos y tratados durante un periodo definido por el responsable de la cookie, y que puede ir de unos minutos a varios a\u00f1os.<\/li>\n<\/ol>\n<p><strong>Seg\u00fan su finalidad:<\/strong><\/p>\n<ol>\n<li aria-level=\"1\">Cookies t\u00e9cnicas: son esenciales para el funcionamiento de la web. Permiten al usuario la navegaci\u00f3n y la utilizaci\u00f3n de las diferentes opciones o servicios que existan como, por ejemplo, controlar el tr\u00e1fico y la comunicaci\u00f3n de datos, identificar la sesi\u00f3n, acceder a partes de acceso restringido, utilizar elementos de seguridad durante la navegaci\u00f3n o compartir contenidos a trav\u00e9s de redes sociales.<\/li>\n<li aria-level=\"1\">Cookies anal\u00edticas: tienen por finalidad analizar el comportamiento y el uso que hace el usuario de la Web. Permiten cuantificar el n\u00famero de usuarios que visitan el Sitio Web e identificar qu\u00e9 capas del Sitio Web son m\u00e1s visitadas y, por tanto, m\u00e1s populares.<\/li>\n<li aria-level=\"1\">Cookies de personalizaci\u00f3n: permiten al usuario acceder al servicio con algunas caracter\u00edsticas de car\u00e1cter general predefinidas en funci\u00f3n de una serie de criterios en el terminal del usuario como por ejemplo ser\u00edan el idioma, el tipo de navegador a trav\u00e9s del cual accede al servicio, la configuraci\u00f3n regional desde donde accede al servicio, etc.<\/li>\n<\/ol>\n<p>A continuaci\u00f3n se muestra una lista de las cookies presentes en la web:<\/p>\n<p>&nbsp;<\/p>\n<table class=\"table table-striped table-bordered\">\n<tbody>\n<tr>\n<td><strong>Nombre<\/strong><\/td>\n<td><strong>Titularidad<\/strong><\/td>\n<td><strong>Finalidad<\/strong><\/td>\n<td><strong>Caducidad<\/strong><\/td>\n<\/tr>\n<tr>\n<td>_ga_NPGE48PXS3<\/td>\n<td>.pepllado.com<\/td>\n<td>Publicidad y personalizaci\u00f3n (Terceros)<\/td>\n<td>372 D\u00edas<\/td>\n<\/tr>\n<tr>\n<td>_ga<\/td>\n<td>.pepllado.com<\/td>\n<td>Publicidad y personalizaci\u00f3n (Terceros)<\/td>\n<td>372 D\u00edas<\/td>\n<\/tr>\n<tr>\n<td>wp-wpml_current_language<\/td>\n<td>pepllado.com<\/td>\n<td>T\u00e9cnica<\/td>\n<td>1 D\u00eda<\/td>\n<\/tr>\n<tr>\n<td>ar_debug<\/td>\n<td>.region1.google-analytics.com<\/td>\n<td>Publicidad y personalizaci\u00f3n (Terceros)<\/td>\n<td>20 D\u00edas<\/td>\n<\/tr>\n<tr>\n<td>cookies_configuration<\/td>\n<td>.pepllado.com<\/td>\n<td>T\u00e9cnica<\/td>\n<td>90 D\u00edas<\/td>\n<\/tr>\n<tr>\n<td>aceptacion_popup<\/td>\n<td>.pepllado.com<\/td>\n<td>T\u00e9cnica<\/td>\n<td>1 D\u00eda<\/td>\n<\/tr>\n<\/tbody>\n<\/table>\n<p>&nbsp;<\/p>\n<p>El Sitio Web utiliza Google Analytics, un servicio anal\u00edtico de web prestado por Google, Inc., (en adelante, \u201cGoogle\u201d) una compa\u00f1\u00eda de Delaware cuya oficina principal est\u00e1 en 1600 Amphitheatre Parkway, Mountain View (California), CA 94043, Estados Unidos. Google Analytics emplea cookies para ayudar al Sitio Web a analizar el uso del mismo que hacen los usuarios. La informaci\u00f3n que genera la cookie acerca de su uso del Sitio Web ser\u00e1 directamente transmitida y archivada por Google en los servidores de Estados Unidos. Google usar\u00e1 esta informaci\u00f3n para seguir la pista de su uso del sitio web, recopilando informes de la actividad del sitio web y prestando otros servicios relacionados con la actividad del sitio web y el uso de Internet.<\/p>\n<p>Si quiere obtener m\u00e1s informaci\u00f3n sobre el uso de cookies anal\u00edticas de Google empleadas en el Sitio Web, consulte el siguiente link:<\/p>\n<p><a href=\"https:\/\/developers.google.com\/analytics\/devguides\/collection\/analyticsjs\/cookie-usage?hl=es\">https:\/\/developers.google.com\/analytics\/devguides\/collection\/analyticsjs\/cookie-usage?hl=es<\/a>.<\/p>\n<p>C\u00d3MO UTILIZA GOOGLE LA INFORMACI\u00d3N DE SITIOS WEB O APLICACIONES QUE UTILIZAN NUESTROS SERVICIOS<\/p>\n<p>Para revisar la documentaci\u00f3n sobre el uso general de c\u00f3mo Google utiliza la informaci\u00f3n del Sitio Web, consulte el siguiente link:<\/p>\n<p><a href=\"https:\/\/policies.google.com\/technologies\/partner-sites\">https:\/\/policies.google.com\/technologies\/partner-sites<\/a><\/p>\n<p>&nbsp;<\/p>\n<h2>\u00bfC\u00f3mo puedes controlar las cookies?<\/h2>\n<p>Es importante que sepa que en cualquier momento puede retirar su consentimiento a la Pol\u00edtica de cookies, eliminando las cookies almacenadas en su navegador web mediante los ajustes y configuraciones del mismo.<\/p>\n<p>Si lo desea, puede modificar f\u00e1cilmente las preferencias de su navegador para controlar usted mismo que cookies acceden a su ordenador y cuales prefiere limitar. Esta opci\u00f3n suele encontrarse en el men\u00fa de \u201copciones\u201d o \u201cpreferencias\u201d en los navegadores. Si emplea alguno de los siguientes, solamente tendr\u00e1 que seleccionar el enlace y seguir las instrucciones que desde la p\u00e1gina enlazada se indiquen:<\/p>\n<ul>\n<li aria-level=\"1\"><a href=\"https:\/\/support.microsoft.com\/es-es\/help\/17442\/windows-internet-explorer-delete-manage-cookies\">Preferencias de cookies en Internet Explorer<\/a><\/li>\n<li aria-level=\"1\"><a href=\"https:\/\/privacy.microsoft.com\/es-ES\/windows-10-microsoft-edge-and-privacy\">Preferencias de Microsoft Edge<\/a><\/li>\n<li aria-level=\"1\"><a href=\"https:\/\/support.google.com\/chrome\/answer\/95647?co=GENIE.Platform%3DDesktop&amp;hl=es\">Preferencias de cookies en Chrome<\/a><\/li>\n<li aria-level=\"1\"><a href=\"https:\/\/support.mozilla.org\/es\/kb\/habilitar-y-deshabilitar-cookies-sitios-web-rastrear-preferencias\">Preferencias de cookies en Firefox<\/a><\/li>\n<li aria-level=\"1\"><a href=\"https:\/\/support.apple.com\/es-es\/HT201265\">Preferencias de cookies en Safari<\/a><\/li>\n<\/ul>\n<p>Sin embargo, si cambias tus preferencias y limitas el acceso de cookies a tu dispositivo, es posible que algunas de las funcionalidades de la web dejen de funcionar y se obstaculice por ello su navegaci\u00f3n.<\/p>\n<p>&nbsp;<\/p>\n<h2>Modificaciones de la Pol\u00edtica de cookies<\/h2>\n<p>Ponemos a tu disposici\u00f3n la presente Pol\u00edtica de cookies para que puedas consultarla, archivarla o imprimirla siempre que lo estimes conveniente. Es posible que la misma sufra modificaciones como consecuencia de cambios en la p\u00e1gina web o en las cookies empleadas, novedades legislativas o jurisprudenciales o el establecimiento de nuevos criterios de la Agencia Espa\u00f1ola de Protecci\u00f3n de Datos o Autoridad de Control correspondiente (<a href=\"http:\/\/www.aepd.es\">www.aepd.es<\/a>). Por ello, nos reservamos el derecho a modificar la presente Pol\u00edtica de cookies en cualquier momento.<\/p>\n<p>Conoce m\u00e1s sobre nuestra <a href=\"http:\/\/pepllado.com\/politica-privacidad\/\">Pol\u00edtica de privacidad<\/a> y <a href=\"http:\/\/pepllado.com\/aviso-legal\/\">Aviso legal<\/a>.<\/p>\n<p>\u00daltima fecha de actualizaci\u00f3n: 27\/05\/2024<\/p>\n","protected":false},"excerpt":{"rendered":"<p>\u00bfQu\u00e9 son las cookies? Las cookies son peque\u00f1os ficheros con informaci\u00f3n que se almacenan en tu navegador web al acceder y usar determinadas p\u00e1ginas web. Estos ficheros permiten que las p\u00e1ginas web puedan recuperar informaci\u00f3n sobre tus h\u00e1bitos y preferencias de navegaci\u00f3n o sobre el dispositivo desde el que te conectas. A pesar de que [&hellip;]<\/p>\n","protected":false},"author":2,"featured_media":0,"parent":0,"menu_order":0,"comment_status":"closed","ping_status":"closed","template":"page-templates\/politica-cookies.php","meta":{"footnotes":""},"yoast_head":"<!-- This site is optimized with the Yoast SEO plugin v22.7 - https:\/\/yoast.com\/wordpress\/plugins\/seo\/ -->\n<title>Pol\u00edtica de cookies - Pep Llad\u00f3<\/title>\n<meta name=\"robots\" content=\"noindex, nofollow\" \/>\n<meta property=\"og:locale\" content=\"es_ES\" \/>\n<meta property=\"og:type\" content=\"article\" \/>\n<meta property=\"og:title\" content=\"Pol\u00edtica de cookies - Pep Llad\u00f3\" \/>\n<meta property=\"og:description\" content=\"\u00bfQu\u00e9 son las cookies? Las cookies son peque\u00f1os ficheros con informaci\u00f3n que se almacenan en tu navegador web al acceder y usar determinadas p\u00e1ginas web. Estos ficheros permiten que las p\u00e1ginas web puedan recuperar informaci\u00f3n sobre tus h\u00e1bitos y preferencias de navegaci\u00f3n o sobre el dispositivo desde el que te conectas. A pesar de que [&hellip;]\" \/>\n<meta property=\"og:url\" content=\"https:\/\/pepllado.com\/es\/politica-de-cookies\/\" \/>\n<meta property=\"og:site_name\" content=\"Pep Llad\u00f3\" \/>\n<meta property=\"article:modified_time\" content=\"2024-05-27T14:44:21+00:00\" \/>\n<meta property=\"og:image\" content=\"https:\/\/pepllado.com\/wp-content\/uploads\/2024\/05\/Pep_llado_portada_seo-1.jpg\" \/>\n\t<meta property=\"og:image:width\" content=\"1200\" \/>\n\t<meta property=\"og:image:height\" content=\"695\" \/>\n\t<meta property=\"og:image:type\" content=\"image\/jpeg\" \/>\n<meta name=\"twitter:card\" content=\"summary_large_image\" \/>\n<meta name=\"twitter:label1\" content=\"Tiempo de lectura\" \/>\n\t<meta name=\"twitter:data1\" content=\"6 minutos\" \/>\n<script type=\"application\/ld+json\" class=\"yoast-schema-graph\">{\"@context\":\"https:\/\/schema.org\",\"@graph\":[{\"@type\":\"WebPage\",\"@id\":\"https:\/\/pepllado.com\/es\/politica-de-cookies\/\",\"url\":\"https:\/\/pepllado.com\/es\/politica-de-cookies\/\",\"name\":\"Pol\u00edtica de cookies - Pep Llad\u00f3\",\"isPartOf\":{\"@id\":\"https:\/\/pepllado.com\/es\/#website\"},\"datePublished\":\"2023-05-18T14:28:03+00:00\",\"dateModified\":\"2024-05-27T14:44:21+00:00\",\"breadcrumb\":{\"@id\":\"https:\/\/pepllado.com\/es\/politica-de-cookies\/#breadcrumb\"},\"inLanguage\":\"es\",\"potentialAction\":[{\"@type\":\"ReadAction\",\"target\":[\"https:\/\/pepllado.com\/es\/politica-de-cookies\/\"]}]},{\"@type\":\"BreadcrumbList\",\"@id\":\"https:\/\/pepllado.com\/es\/politica-de-cookies\/#breadcrumb\",\"itemListElement\":[{\"@type\":\"ListItem\",\"position\":1,\"name\":\"Inici\",\"item\":\"https:\/\/pepllado.com\/es\/\"},{\"@type\":\"ListItem\",\"position\":2,\"name\":\"Pol\u00edtica de cookies\"}]},{\"@type\":\"WebSite\",\"@id\":\"https:\/\/pepllado.com\/es\/#website\",\"url\":\"https:\/\/pepllado.com\/es\/\",\"name\":\"Pep Llad\u00f3\",\"description\":\"M\u00fasico y compositor\",\"publisher\":{\"@id\":\"https:\/\/pepllado.com\/es\/#\/schema\/person\/901bbc34ce14348280e560f8655121c1\"},\"alternateName\":\"M\u00fasic i compositor\",\"potentialAction\":[{\"@type\":\"SearchAction\",\"target\":{\"@type\":\"EntryPoint\",\"urlTemplate\":\"https:\/\/pepllado.com\/es\/?s={search_term_string}\"},\"query-input\":\"required name=search_term_string\"}],\"inLanguage\":\"es\"},{\"@type\":[\"Person\",\"Organization\"],\"@id\":\"https:\/\/pepllado.com\/es\/#\/schema\/person\/901bbc34ce14348280e560f8655121c1\",\"name\":\"Editor_pep\",\"image\":{\"@type\":\"ImageObject\",\"inLanguage\":\"es\",\"@id\":\"https:\/\/pepllado.com\/es\/#\/schema\/person\/image\/\",\"url\":\"https:\/\/pepllado.com\/wp-content\/uploads\/2024\/04\/pepllado-negra.png\",\"contentUrl\":\"https:\/\/pepllado.com\/wp-content\/uploads\/2024\/04\/pepllado-negra.png\",\"width\":696,\"height\":219,\"caption\":\"Editor_pep\"},\"logo\":{\"@id\":\"https:\/\/pepllado.com\/es\/#\/schema\/person\/image\/\"}}]}<\/script>\n<!-- \/ Yoast SEO plugin. -->","yoast_head_json":{"title":"Pol\u00edtica de cookies - Pep Llad\u00f3","robots":{"index":"noindex","follow":"nofollow"},"og_locale":"es_ES","og_type":"article","og_title":"Pol\u00edtica de cookies - Pep Llad\u00f3","og_description":"\u00bfQu\u00e9 son las cookies? Las cookies son peque\u00f1os ficheros con informaci\u00f3n que se almacenan en tu navegador web al acceder y usar determinadas p\u00e1ginas web. Estos ficheros permiten que las p\u00e1ginas web puedan recuperar informaci\u00f3n sobre tus h\u00e1bitos y preferencias de navegaci\u00f3n o sobre el dispositivo desde el que te conectas. A pesar de que [&hellip;]","og_url":"https:\/\/pepllado.com\/es\/politica-de-cookies\/","og_site_name":"Pep Llad\u00f3","article_modified_time":"2024-05-27T14:44:21+00:00","og_image":[{"width":1200,"height":695,"url":"https:\/\/pepllado.com\/wp-content\/uploads\/2024\/05\/Pep_llado_portada_seo-1.jpg","type":"image\/jpeg"}],"twitter_card":"summary_large_image","twitter_misc":{"Tiempo de lectura":"6 minutos"},"schema":{"@context":"https:\/\/schema.org","@graph":[{"@type":"WebPage","@id":"https:\/\/pepllado.com\/es\/politica-de-cookies\/","url":"https:\/\/pepllado.com\/es\/politica-de-cookies\/","name":"Pol\u00edtica de cookies - Pep Llad\u00f3","isPartOf":{"@id":"https:\/\/pepllado.com\/es\/#website"},"datePublished":"2023-05-18T14:28:03+00:00","dateModified":"2024-05-27T14:44:21+00:00","breadcrumb":{"@id":"https:\/\/pepllado.com\/es\/politica-de-cookies\/#breadcrumb"},"inLanguage":"es","potentialAction":[{"@type":"ReadAction","target":["https:\/\/pepllado.com\/es\/politica-de-cookies\/"]}]},{"@type":"BreadcrumbList","@id":"https:\/\/pepllado.com\/es\/politica-de-cookies\/#breadcrumb","itemListElement":[{"@type":"ListItem","position":1,"name":"Inici","item":"https:\/\/pepllado.com\/es\/"},{"@type":"ListItem","position":2,"name":"Pol\u00edtica de cookies"}]},{"@type":"WebSite","@id":"https:\/\/pepllado.com\/es\/#website","url":"https:\/\/pepllado.com\/es\/","name":"Pep Llad\u00f3","description":"M\u00fasico y compositor","publisher":{"@id":"https:\/\/pepllado.com\/es\/#\/schema\/person\/901bbc34ce14348280e560f8655121c1"},"alternateName":"M\u00fasic i compositor","potentialAction":[{"@type":"SearchAction","target":{"@type":"EntryPoint","urlTemplate":"https:\/\/pepllado.com\/es\/?s={search_term_string}"},"query-input":"required name=search_term_string"}],"inLanguage":"es"},{"@type":["Person","Organization"],"@id":"https:\/\/pepllado.com\/es\/#\/schema\/person\/901bbc34ce14348280e560f8655121c1","name":"Editor_pep","image":{"@type":"ImageObject","inLanguage":"es","@id":"https:\/\/pepllado.com\/es\/#\/schema\/person\/image\/","url":"https:\/\/pepllado.com\/wp-content\/uploads\/2024\/04\/pepllado-negra.png","contentUrl":"https:\/\/pepllado.com\/wp-content\/uploads\/2024\/04\/pepllado-negra.png","width":696,"height":219,"caption":"Editor_pep"},"logo":{"@id":"https:\/\/pepllado.com\/es\/#\/schema\/person\/image\/"}}]}},"_links":{"self":[{"href":"https:\/\/pepllado.com\/es\/wp-json\/wp\/v2\/pages\/11"}],"collection":[{"href":"https:\/\/pepllado.com\/es\/wp-json\/wp\/v2\/pages"}],"about":[{"href":"https:\/\/pepllado.com\/es\/wp-json\/wp\/v2\/types\/page"}],"author":[{"embeddable":true,"href":"https:\/\/pepllado.com\/es\/wp-json\/wp\/v2\/users\/2"}],"replies":[{"embeddable":true,"href":"https:\/\/pepllado.com\/es\/wp-json\/wp\/v2\/comments?post=11"}],"version-history":[{"count":3,"href":"https:\/\/pepllado.com\/es\/wp-json\/wp\/v2\/pages\/11\/revisions"}],"predecessor-version":[{"id":200,"href":"https:\/\/pepllado.com\/es\/wp-json\/wp\/v2\/pages\/11\/revisions\/200"}],"wp:attachment":[{"href":"https:\/\/pepllado.com\/es\/wp-json\/wp\/v2\/media?parent=11"}],"curies":[{"name":"wp","href":"https:\/\/api.w.org\/{rel}","templated":true}]}}