{"id":157,"date":"2024-05-03T13:57:20","date_gmt":"2024-05-03T11:57:20","guid":{"rendered":"http:\/\/pepllado.com\/andar-contigo\/"},"modified":"2024-06-05T10:21:05","modified_gmt":"2024-06-05T08:21:05","slug":"andar-contigo","status":"publish","type":"page","link":"https:\/\/pepllado.com\/es\/andar-contigo\/","title":{"rendered":"Andar contigo"},"content":{"rendered":"<p class=\"\">Cada vez que alguien escucha una canci\u00f3n nace una canci\u00f3n nueva. Con la misma letra, con la misma m\u00fasica pero con distinto sentido\u2026 Con nuevos nombres, nuevos paisajes, nuevos sentimientos\u2026<\/p>\n<p class=\"\">Aqu\u00ed tienes estas canciones que ya no son m\u00edas si no de quien las quiera escuchar. Ellas mismas, sin que nosotros podamos hacer nada al respecto, elegir\u00e1n su propio camino.<\/p>\n","protected":false},"excerpt":{"rendered":"<p>Cada vez que alguien escucha una canci\u00f3n nace una canci\u00f3n nueva. Con la misma letra, con la misma m\u00fasica pero con distinto sentido\u2026 Con nuevos nombres, nuevos paisajes, nuevos sentimientos\u2026 Aqu\u00ed tienes estas canciones que ya no son m\u00edas si no de quien las quiera escuchar. Ellas mismas, sin que nosotros podamos hacer nada al [&hellip;]<\/p>\n","protected":false},"author":2,"featured_media":131,"parent":0,"menu_order":0,"comment_status":"closed","ping_status":"closed","template":"page-templates\/andar-contigo.php","meta":{"footnotes":""},"yoast_head":"<!-- This site is optimized with the Yoast SEO plugin v22.7 - https:\/\/yoast.com\/wordpress\/plugins\/seo\/ -->\n<title>Andar contigo - Pep Llad\u00f3<\/title>\n<meta name=\"robots\" content=\"index, follow, max-snippet:-1, max-image-preview:large, max-video-preview:-1\" \/>\n<link rel=\"canonical\" href=\"https:\/\/pepllado.com\/es\/andar-contigo\/\" \/>\n<meta property=\"og:locale\" content=\"es_ES\" \/>\n<meta property=\"og:type\" content=\"article\" \/>\n<meta property=\"og:title\" content=\"Andar contigo - Pep Llad\u00f3\" \/>\n<meta property=\"og:description\" content=\"Cada vez que alguien escucha una canci\u00f3n nace una canci\u00f3n nueva. Con la misma letra, con la misma m\u00fasica pero con distinto sentido\u2026 Con nuevos nombres, nuevos paisajes, nuevos sentimientos\u2026 Aqu\u00ed tienes estas canciones que ya no son m\u00edas si no de quien las quiera escuchar. Ellas mismas, sin que nosotros podamos hacer nada al [&hellip;]\" \/>\n<meta property=\"og:url\" content=\"https:\/\/pepllado.com\/andar-contigo\/\" \/>\n<meta property=\"og:site_name\" content=\"Pep Llad\u00f3\" \/>\n<meta property=\"article:modified_time\" content=\"2024-06-05T08:21:05+00:00\" \/>\n<meta property=\"og:image\" content=\"https:\/\/pepllado.com\/wp-content\/uploads\/2024\/05\/capcalera-andar-conntigo_degradat.jpg\" \/>\n\t<meta property=\"og:image:width\" content=\"1920\" \/>\n\t<meta property=\"og:image:height\" content=\"410\" \/>\n\t<meta property=\"og:image:type\" content=\"image\/jpeg\" \/>\n<meta name=\"twitter:card\" content=\"summary_large_image\" \/>\n<meta name=\"twitter:label1\" content=\"Tiempo de lectura\" \/>\n\t<meta name=\"twitter:data1\" content=\"1 minuto\" \/>\n<script type=\"application\/ld+json\" class=\"yoast-schema-graph\">{\"@context\":\"https:\/\/schema.org\",\"@graph\":[{\"@type\":\"WebPage\",\"@id\":\"https:\/\/pepllado.com\/es\/andar-contigo\/\",\"url\":\"https:\/\/pepllado.com\/andar-contigo\/\",\"name\":\"Andar contigo - Pep Llad\u00f3\",\"isPartOf\":{\"@id\":\"https:\/\/pepllado.com\/es\/#website\"},\"primaryImageOfPage\":{\"@id\":\"https:\/\/pepllado.com\/andar-contigo\/#primaryimage\"},\"image\":{\"@id\":\"https:\/\/pepllado.com\/andar-contigo\/#primaryimage\"},\"thumbnailUrl\":\"https:\/\/pepllado.com\/wp-content\/uploads\/2024\/05\/capcalera-andar-conntigo_degradat.jpg\",\"datePublished\":\"2024-05-03T11:57:20+00:00\",\"dateModified\":\"2024-06-05T08:21:05+00:00\",\"breadcrumb\":{\"@id\":\"https:\/\/pepllado.com\/andar-contigo\/#breadcrumb\"},\"inLanguage\":\"es\",\"potentialAction\":[{\"@type\":\"ReadAction\",\"target\":[\"https:\/\/pepllado.com\/andar-contigo\/\"]}]},{\"@type\":\"ImageObject\",\"inLanguage\":\"es\",\"@id\":\"https:\/\/pepllado.com\/andar-contigo\/#primaryimage\",\"url\":\"https:\/\/pepllado.com\/wp-content\/uploads\/2024\/05\/capcalera-andar-conntigo_degradat.jpg\",\"contentUrl\":\"https:\/\/pepllado.com\/wp-content\/uploads\/2024\/05\/capcalera-andar-conntigo_degradat.jpg\",\"width\":1920,\"height\":410,\"caption\":\"capcalera-andar-conntigo_degradat\"},{\"@type\":\"BreadcrumbList\",\"@id\":\"https:\/\/pepllado.com\/andar-contigo\/#breadcrumb\",\"itemListElement\":[{\"@type\":\"ListItem\",\"position\":1,\"name\":\"Inici\",\"item\":\"https:\/\/pepllado.com\/es\/\"},{\"@type\":\"ListItem\",\"position\":2,\"name\":\"Andar contigo\"}]},{\"@type\":\"WebSite\",\"@id\":\"https:\/\/pepllado.com\/es\/#website\",\"url\":\"https:\/\/pepllado.com\/es\/\",\"name\":\"Pep Llad\u00f3\",\"description\":\"M\u00fasico y compositor\",\"publisher\":{\"@id\":\"https:\/\/pepllado.com\/es\/#\/schema\/person\/901bbc34ce14348280e560f8655121c1\"},\"alternateName\":\"M\u00fasic i compositor\",\"potentialAction\":[{\"@type\":\"SearchAction\",\"target\":{\"@type\":\"EntryPoint\",\"urlTemplate\":\"https:\/\/pepllado.com\/es\/?s={search_term_string}\"},\"query-input\":\"required name=search_term_string\"}],\"inLanguage\":\"es\"},{\"@type\":[\"Person\",\"Organization\"],\"@id\":\"https:\/\/pepllado.com\/es\/#\/schema\/person\/901bbc34ce14348280e560f8655121c1\",\"name\":\"Editor_pep\",\"image\":{\"@type\":\"ImageObject\",\"inLanguage\":\"es\",\"@id\":\"https:\/\/pepllado.com\/es\/#\/schema\/person\/image\/\",\"url\":\"https:\/\/pepllado.com\/wp-content\/uploads\/2024\/04\/pepllado-negra.png\",\"contentUrl\":\"https:\/\/pepllado.com\/wp-content\/uploads\/2024\/04\/pepllado-negra.png\",\"width\":696,\"height\":219,\"caption\":\"Editor_pep\"},\"logo\":{\"@id\":\"https:\/\/pepllado.com\/es\/#\/schema\/person\/image\/\"}}]}<\/script>\n<!-- \/ Yoast SEO plugin. -->","yoast_head_json":{"title":"Andar contigo - Pep Llad\u00f3","robots":{"index":"index","follow":"follow","max-snippet":"max-snippet:-1","max-image-preview":"max-image-preview:large","max-video-preview":"max-video-preview:-1"},"canonical":"https:\/\/pepllado.com\/es\/andar-contigo\/","og_locale":"es_ES","og_type":"article","og_title":"Andar contigo - Pep Llad\u00f3","og_description":"Cada vez que alguien escucha una canci\u00f3n nace una canci\u00f3n nueva. Con la misma letra, con la misma m\u00fasica pero con distinto sentido\u2026 Con nuevos nombres, nuevos paisajes, nuevos sentimientos\u2026 Aqu\u00ed tienes estas canciones que ya no son m\u00edas si no de quien las quiera escuchar. Ellas mismas, sin que nosotros podamos hacer nada al [&hellip;]","og_url":"https:\/\/pepllado.com\/andar-contigo\/","og_site_name":"Pep Llad\u00f3","article_modified_time":"2024-06-05T08:21:05+00:00","og_image":[{"width":1920,"height":410,"url":"https:\/\/pepllado.com\/wp-content\/uploads\/2024\/05\/capcalera-andar-conntigo_degradat.jpg","type":"image\/jpeg"}],"twitter_card":"summary_large_image","twitter_misc":{"Tiempo de lectura":"1 minuto"},"schema":{"@context":"https:\/\/schema.org","@graph":[{"@type":"WebPage","@id":"https:\/\/pepllado.com\/es\/andar-contigo\/","url":"https:\/\/pepllado.com\/andar-contigo\/","name":"Andar contigo - Pep Llad\u00f3","isPartOf":{"@id":"https:\/\/pepllado.com\/es\/#website"},"primaryImageOfPage":{"@id":"https:\/\/pepllado.com\/andar-contigo\/#primaryimage"},"image":{"@id":"https:\/\/pepllado.com\/andar-contigo\/#primaryimage"},"thumbnailUrl":"https:\/\/pepllado.com\/wp-content\/uploads\/2024\/05\/capcalera-andar-conntigo_degradat.jpg","datePublished":"2024-05-03T11:57:20+00:00","dateModified":"2024-06-05T08:21:05+00:00","breadcrumb":{"@id":"https:\/\/pepllado.com\/andar-contigo\/#breadcrumb"},"inLanguage":"es","potentialAction":[{"@type":"ReadAction","target":["https:\/\/pepllado.com\/andar-contigo\/"]}]},{"@type":"ImageObject","inLanguage":"es","@id":"https:\/\/pepllado.com\/andar-contigo\/#primaryimage","url":"https:\/\/pepllado.com\/wp-content\/uploads\/2024\/05\/capcalera-andar-conntigo_degradat.jpg","contentUrl":"https:\/\/pepllado.com\/wp-content\/uploads\/2024\/05\/capcalera-andar-conntigo_degradat.jpg","width":1920,"height":410,"caption":"capcalera-andar-conntigo_degradat"},{"@type":"BreadcrumbList","@id":"https:\/\/pepllado.com\/andar-contigo\/#breadcrumb","itemListElement":[{"@type":"ListItem","position":1,"name":"Inici","item":"https:\/\/pepllado.com\/es\/"},{"@type":"ListItem","position":2,"name":"Andar contigo"}]},{"@type":"WebSite","@id":"https:\/\/pepllado.com\/es\/#website","url":"https:\/\/pepllado.com\/es\/","name":"Pep Llad\u00f3","description":"M\u00fasico y compositor","publisher":{"@id":"https:\/\/pepllado.com\/es\/#\/schema\/person\/901bbc34ce14348280e560f8655121c1"},"alternateName":"M\u00fasic i compositor","potentialAction":[{"@type":"SearchAction","target":{"@type":"EntryPoint","urlTemplate":"https:\/\/pepllado.com\/es\/?s={search_term_string}"},"query-input":"required name=search_term_string"}],"inLanguage":"es"},{"@type":["Person","Organization"],"@id":"https:\/\/pepllado.com\/es\/#\/schema\/person\/901bbc34ce14348280e560f8655121c1","name":"Editor_pep","image":{"@type":"ImageObject","inLanguage":"es","@id":"https:\/\/pepllado.com\/es\/#\/schema\/person\/image\/","url":"https:\/\/pepllado.com\/wp-content\/uploads\/2024\/04\/pepllado-negra.png","contentUrl":"https:\/\/pepllado.com\/wp-content\/uploads\/2024\/04\/pepllado-negra.png","width":696,"height":219,"caption":"Editor_pep"},"logo":{"@id":"https:\/\/pepllado.com\/es\/#\/schema\/person\/image\/"}}]}},"_links":{"self":[{"href":"https:\/\/pepllado.com\/es\/wp-json\/wp\/v2\/pages\/157"}],"collection":[{"href":"https:\/\/pepllado.com\/es\/wp-json\/wp\/v2\/pages"}],"about":[{"href":"https:\/\/pepllado.com\/es\/wp-json\/wp\/v2\/types\/page"}],"author":[{"embeddable":true,"href":"https:\/\/pepllado.com\/es\/wp-json\/wp\/v2\/users\/2"}],"replies":[{"embeddable":true,"href":"https:\/\/pepllado.com\/es\/wp-json\/wp\/v2\/comments?post=157"}],"version-history":[{"count":1,"href":"https:\/\/pepllado.com\/es\/wp-json\/wp\/v2\/pages\/157\/revisions"}],"predecessor-version":[{"id":229,"href":"https:\/\/pepllado.com\/es\/wp-json\/wp\/v2\/pages\/157\/revisions\/229"}],"wp:featuredmedia":[{"embeddable":true,"href":"https:\/\/pepllado.com\/es\/wp-json\/wp\/v2\/media\/131"}],"wp:attachment":[{"href":"https:\/\/pepllado.com\/es\/wp-json\/wp\/v2\/media?parent=157"}],"curies":[{"name":"wp","href":"https:\/\/api.w.org\/{rel}","templated":true}]}}