{"id":211,"date":"2024-06-03T11:42:59","date_gmt":"2024-06-03T09:42:59","guid":{"rendered":"https:\/\/pepllado.com\/declaracion-de-accesibilitat\/"},"modified":"2024-06-05T10:13:59","modified_gmt":"2024-06-05T08:13:59","slug":"declaracion-de-accesibilitat","status":"publish","type":"page","link":"https:\/\/pepllado.com\/es\/declaracion-de-accesibilitat\/","title":{"rendered":"Declaraci\u00f3n de accesibilitat"},"content":{"rendered":"<p><b>Pep Llad\u00f3<\/b> se ha comprometido a hacer accesible este sitio web de conformidad con el<a href=\"https:\/\/www.boe.es\/diario_boe\/txt.php?id=BOE-A-2018-12699\"> Real Decreto 1112\/2018<\/a>, de <i>7 de septiembre, sobre accesibilidad de los sitios web y aplicaciones para dispositivos m\u00f3viles del sector p\u00fablico<\/i>.<\/p>\n<h3><b>Situaci\u00f3n de cumplimiento<\/b><\/h3>\n<p>Este sitio web es parcialmente conforme con el<a href=\"https:\/\/www.boe.es\/diario_boe\/txt.php?id=BOE-A-2018-12699\"> RD 1112\/2018<\/a> debido a las excepciones y a la falta de conformidad de los aspectos que se indican a continuaci\u00f3n.<\/p>\n<h3><b>Contenido no accesible<\/b><\/h3>\n<p>El contenido que se recoge a continuaci\u00f3n no es accesible por lo siguiente:<\/p>\n<ul>\n<li aria-level=\"1\">Falta de conformidad con el RD 1112\/2018\n<ul>\n<li aria-level=\"2\">9.1.1.1 Contenido no textual<\/li>\n<li aria-level=\"2\">9.1.2.1 Solo audio y solo video<\/li>\n<li aria-level=\"2\">9.1.3.3 Caracter\u00edsticas sensoriales<\/li>\n<li aria-level=\"2\">9.1.4.3 Contraste<\/li>\n<li aria-level=\"2\">9.1.4.11 Contraste no textual<\/li>\n<li aria-level=\"2\">9.1.4.12 Espaciado del texto<\/li>\n<li aria-level=\"2\">9.2.2.1 Tiempo ajustable<\/li>\n<li aria-level=\"2\">9.2.4.5 M\u00faltiples vias<\/li>\n<li aria-level=\"2\">9.3.1.2 Idioma de las partes<\/li>\n<li aria-level=\"2\">9.6 Requisitos de conformidad de las Pautas WCAG<\/li>\n<\/ul>\n<\/li>\n<\/ul>\n<ul>\n<li aria-level=\"1\">Carga desproporcionada\n<ul>\n<li aria-level=\"2\">No aplica.<\/li>\n<\/ul>\n<\/li>\n<\/ul>\n<h3><b>Preparaci\u00f3n de la presente declaraci\u00f3n de accesibilidad<\/b><\/h3>\n<p>La presente declaraci\u00f3n de accesibilidad fue preparada el 31 de mayo de 2024.<\/p>\n<p>\u00daltima revisi\u00f3n de la declaraci\u00f3n: 31 de mayo de 2024.<\/p>\n<h3><b>Observaciones y datos de contacto<\/b><\/h3>\n<p>Puede realizar comunicaciones sobre requisitos de accesibilidad (art\u00edculo 10.2.a del RD 1112\/2018) como por ejemplo:<\/p>\n<ul>\n<li aria-level=\"1\">informar sobre cualquier posible incumplimiento por parte de este sitio web<\/li>\n<li aria-level=\"1\">transmitir otras dificultades de acceso al contenido<\/li>\n<li aria-level=\"1\">formular cualquier otra consulta o sugerencia de mejora relativa a la accesibilidad del sitio web a trav\u00e9s del email <a href=\"mailto:pep@pepllado.com\">pep@pepllado.com<\/a>.<\/li>\n<\/ul>\n<p>Solicitudes de informaci\u00f3n accesible y quejas: De acuerdo con el art\u00edculo 12 del RD 1112\/2018, ser\u00e1n presentadas y registradas a trav\u00e9s del siguiente email <a href=\"mailto:pep@pepllado.com\">pep@pepllado.com.<\/a><\/p>\n<h3><b>Procedimiento de aplicaci\u00f3n<\/b><\/h3>\n<p>El procedimiento de reclamaci\u00f3n recogido en el art\u00edculo 13 del RD 1112\/2018, puede iniciarse a trav\u00e9s del email pep@pepllado.com.<\/p>\n<h3><b>Contenido opcional<\/b><\/h3>\n<p>Este sitio web:<\/p>\n<ul>\n<li aria-level=\"1\">se ha dise\u00f1ado adapt\u00e1ndose a los est\u00e1ndares y normativas vigentes en relaci\u00f3n a la accesibilidad, cumpliendo con los puntos de verificaci\u00f3n de prioridad 2 (AA) definidos en la especificaci\u00f3n de Pautas de Accesibilidad al Contenido en la Web (WCAG 2.1)<\/li>\n<li aria-level=\"1\">cumple con los requisitos de la Norma UNE-EN 301549:2019, considerando las excepciones del Real Decreto 1112\/2018<\/li>\n<li aria-level=\"1\">est\u00e1 dise\u00f1ado para su correcta visualizaci\u00f3n en dispositivos de escritorio, tablet y m\u00f3viles para una resoluci\u00f3n m\u00ednima de 1280&#215;1024<\/li>\n<li aria-level=\"1\">se ha realizado utilizando HTML5 como lenguaje de marcado y hojas de estilo CSS 3 para su dise\u00f1o<\/li>\n<li aria-level=\"1\">est\u00e1 dise\u00f1ado para su uso con javascript<\/li>\n<\/ul>\n<h4><b>Tama\u00f1o del texto<\/b><\/h4>\n<p>Se han utilizado fuentes con tama\u00f1os relativos de forma que si el usuario prefiere una fuente mayor podr\u00e1 seleccionarla a trav\u00e9s de las opciones de tama\u00f1o de texto de su explorador, generalmente <i>Ctrl+<\/i> (control m\u00e1s) para ampliar, <i>Ctrl-<\/i> (control menos) para reducir.<\/p>\n<h4><b>Estructura de las p\u00e1ginas<\/b><\/h4>\n<p>Este portal est\u00e1 dise\u00f1ado con un formato com\u00fan para todas las p\u00e1ginas de forma que la familiarizaci\u00f3n con el contenido de la mismas sea sencilla para conseguir una mejor navegaci\u00f3n para las personas que necesitan <i>Ayudas t\u00e9cnicas<\/i>.<\/p>\n<h4><b>Las p\u00e1ginas se componen, a grandes rasgos, de las siguientes zonas:<\/b><\/h4>\n<ul>\n<li aria-level=\"1\"><i>Cabecera<\/i>, con acceso a la p\u00e1gina de inicio, formulario de contacto, acceso a las versiones en ambos idiomas.<\/li>\n<li aria-level=\"1\"><i>Men\u00fa principal de navegaci\u00f3n<\/i>, con las opciones principales de la web.<\/li>\n<li aria-level=\"1\"><i>Zona central de contenidos<\/i> que variar\u00e1 en funci\u00f3n de si la p\u00e1gina es la p\u00e1gina principal del sitio, una subhome, sumario, documento.<\/li>\n<li aria-level=\"1\"><i>Pie<\/i>, en el que se incluye la informaci\u00f3n de Pep Llad\u00f3.<\/li>\n<\/ul>\n","protected":false},"excerpt":{"rendered":"<p>Pep Llad\u00f3 se ha comprometido a hacer accesible este sitio web de conformidad con el Real Decreto 1112\/2018, de 7 de septiembre, sobre accesibilidad de los sitios web y aplicaciones para dispositivos m\u00f3viles del sector p\u00fablico. Situaci\u00f3n de cumplimiento Este sitio web es parcialmente conforme con el RD 1112\/2018 debido a las excepciones y a [&hellip;]<\/p>\n","protected":false},"author":2,"featured_media":0,"parent":0,"menu_order":0,"comment_status":"closed","ping_status":"closed","template":"","meta":{"footnotes":""},"yoast_head":"<!-- This site is optimized with the Yoast SEO plugin v22.7 - https:\/\/yoast.com\/wordpress\/plugins\/seo\/ -->\n<title>Declaraci\u00f3n de accesibilitat - Pep Llad\u00f3<\/title>\n<meta name=\"robots\" content=\"noindex, nofollow\" \/>\n<meta property=\"og:locale\" content=\"es_ES\" \/>\n<meta property=\"og:type\" content=\"article\" \/>\n<meta property=\"og:title\" content=\"Declaraci\u00f3n de accesibilitat - Pep Llad\u00f3\" \/>\n<meta property=\"og:description\" content=\"Pep Llad\u00f3 se ha comprometido a hacer accesible este sitio web de conformidad con el Real Decreto 1112\/2018, de 7 de septiembre, sobre accesibilidad de los sitios web y aplicaciones para dispositivos m\u00f3viles del sector p\u00fablico. Situaci\u00f3n de cumplimiento Este sitio web es parcialmente conforme con el RD 1112\/2018 debido a las excepciones y a [&hellip;]\" \/>\n<meta property=\"og:url\" content=\"https:\/\/pepllado.com\/es\/declaracion-de-accesibilitat\/\" \/>\n<meta property=\"og:site_name\" content=\"Pep Llad\u00f3\" \/>\n<meta property=\"article:modified_time\" content=\"2024-06-05T08:13:59+00:00\" \/>\n<meta property=\"og:image\" content=\"https:\/\/pepllado.com\/wp-content\/uploads\/2024\/05\/Pep_llado_portada_seo-1.jpg\" \/>\n\t<meta property=\"og:image:width\" content=\"1200\" \/>\n\t<meta property=\"og:image:height\" content=\"695\" \/>\n\t<meta property=\"og:image:type\" content=\"image\/jpeg\" \/>\n<meta name=\"twitter:card\" content=\"summary_large_image\" \/>\n<meta name=\"twitter:label1\" content=\"Tiempo de lectura\" \/>\n\t<meta name=\"twitter:data1\" content=\"3 minutos\" \/>\n<script type=\"application\/ld+json\" class=\"yoast-schema-graph\">{\"@context\":\"https:\/\/schema.org\",\"@graph\":[{\"@type\":\"WebPage\",\"@id\":\"https:\/\/pepllado.com\/es\/declaracion-de-accesibilitat\/\",\"url\":\"https:\/\/pepllado.com\/es\/declaracion-de-accesibilitat\/\",\"name\":\"Declaraci\u00f3n de accesibilitat - Pep Llad\u00f3\",\"isPartOf\":{\"@id\":\"https:\/\/pepllado.com\/es\/#website\"},\"datePublished\":\"2024-06-03T09:42:59+00:00\",\"dateModified\":\"2024-06-05T08:13:59+00:00\",\"breadcrumb\":{\"@id\":\"https:\/\/pepllado.com\/es\/declaracion-de-accesibilitat\/#breadcrumb\"},\"inLanguage\":\"es\",\"potentialAction\":[{\"@type\":\"ReadAction\",\"target\":[\"https:\/\/pepllado.com\/es\/declaracion-de-accesibilitat\/\"]}]},{\"@type\":\"BreadcrumbList\",\"@id\":\"https:\/\/pepllado.com\/es\/declaracion-de-accesibilitat\/#breadcrumb\",\"itemListElement\":[{\"@type\":\"ListItem\",\"position\":1,\"name\":\"Inici\",\"item\":\"https:\/\/pepllado.com\/es\/\"},{\"@type\":\"ListItem\",\"position\":2,\"name\":\"Declaraci\u00f3n de accesibilitat\"}]},{\"@type\":\"WebSite\",\"@id\":\"https:\/\/pepllado.com\/es\/#website\",\"url\":\"https:\/\/pepllado.com\/es\/\",\"name\":\"Pep Llad\u00f3\",\"description\":\"M\u00fasico y compositor\",\"publisher\":{\"@id\":\"https:\/\/pepllado.com\/es\/#\/schema\/person\/901bbc34ce14348280e560f8655121c1\"},\"alternateName\":\"M\u00fasic i compositor\",\"potentialAction\":[{\"@type\":\"SearchAction\",\"target\":{\"@type\":\"EntryPoint\",\"urlTemplate\":\"https:\/\/pepllado.com\/es\/?s={search_term_string}\"},\"query-input\":\"required name=search_term_string\"}],\"inLanguage\":\"es\"},{\"@type\":[\"Person\",\"Organization\"],\"@id\":\"https:\/\/pepllado.com\/es\/#\/schema\/person\/901bbc34ce14348280e560f8655121c1\",\"name\":\"Editor_pep\",\"image\":{\"@type\":\"ImageObject\",\"inLanguage\":\"es\",\"@id\":\"https:\/\/pepllado.com\/es\/#\/schema\/person\/image\/\",\"url\":\"https:\/\/pepllado.com\/wp-content\/uploads\/2024\/04\/pepllado-negra.png\",\"contentUrl\":\"https:\/\/pepllado.com\/wp-content\/uploads\/2024\/04\/pepllado-negra.png\",\"width\":696,\"height\":219,\"caption\":\"Editor_pep\"},\"logo\":{\"@id\":\"https:\/\/pepllado.com\/es\/#\/schema\/person\/image\/\"}}]}<\/script>\n<!-- \/ Yoast SEO plugin. -->","yoast_head_json":{"title":"Declaraci\u00f3n de accesibilitat - Pep Llad\u00f3","robots":{"index":"noindex","follow":"nofollow"},"og_locale":"es_ES","og_type":"article","og_title":"Declaraci\u00f3n de accesibilitat - Pep Llad\u00f3","og_description":"Pep Llad\u00f3 se ha comprometido a hacer accesible este sitio web de conformidad con el Real Decreto 1112\/2018, de 7 de septiembre, sobre accesibilidad de los sitios web y aplicaciones para dispositivos m\u00f3viles del sector p\u00fablico. Situaci\u00f3n de cumplimiento Este sitio web es parcialmente conforme con el RD 1112\/2018 debido a las excepciones y a [&hellip;]","og_url":"https:\/\/pepllado.com\/es\/declaracion-de-accesibilitat\/","og_site_name":"Pep Llad\u00f3","article_modified_time":"2024-06-05T08:13:59+00:00","og_image":[{"width":1200,"height":695,"url":"https:\/\/pepllado.com\/wp-content\/uploads\/2024\/05\/Pep_llado_portada_seo-1.jpg","type":"image\/jpeg"}],"twitter_card":"summary_large_image","twitter_misc":{"Tiempo de lectura":"3 minutos"},"schema":{"@context":"https:\/\/schema.org","@graph":[{"@type":"WebPage","@id":"https:\/\/pepllado.com\/es\/declaracion-de-accesibilitat\/","url":"https:\/\/pepllado.com\/es\/declaracion-de-accesibilitat\/","name":"Declaraci\u00f3n de accesibilitat - Pep Llad\u00f3","isPartOf":{"@id":"https:\/\/pepllado.com\/es\/#website"},"datePublished":"2024-06-03T09:42:59+00:00","dateModified":"2024-06-05T08:13:59+00:00","breadcrumb":{"@id":"https:\/\/pepllado.com\/es\/declaracion-de-accesibilitat\/#breadcrumb"},"inLanguage":"es","potentialAction":[{"@type":"ReadAction","target":["https:\/\/pepllado.com\/es\/declaracion-de-accesibilitat\/"]}]},{"@type":"BreadcrumbList","@id":"https:\/\/pepllado.com\/es\/declaracion-de-accesibilitat\/#breadcrumb","itemListElement":[{"@type":"ListItem","position":1,"name":"Inici","item":"https:\/\/pepllado.com\/es\/"},{"@type":"ListItem","position":2,"name":"Declaraci\u00f3n de accesibilitat"}]},{"@type":"WebSite","@id":"https:\/\/pepllado.com\/es\/#website","url":"https:\/\/pepllado.com\/es\/","name":"Pep Llad\u00f3","description":"M\u00fasico y compositor","publisher":{"@id":"https:\/\/pepllado.com\/es\/#\/schema\/person\/901bbc34ce14348280e560f8655121c1"},"alternateName":"M\u00fasic i compositor","potentialAction":[{"@type":"SearchAction","target":{"@type":"EntryPoint","urlTemplate":"https:\/\/pepllado.com\/es\/?s={search_term_string}"},"query-input":"required name=search_term_string"}],"inLanguage":"es"},{"@type":["Person","Organization"],"@id":"https:\/\/pepllado.com\/es\/#\/schema\/person\/901bbc34ce14348280e560f8655121c1","name":"Editor_pep","image":{"@type":"ImageObject","inLanguage":"es","@id":"https:\/\/pepllado.com\/es\/#\/schema\/person\/image\/","url":"https:\/\/pepllado.com\/wp-content\/uploads\/2024\/04\/pepllado-negra.png","contentUrl":"https:\/\/pepllado.com\/wp-content\/uploads\/2024\/04\/pepllado-negra.png","width":696,"height":219,"caption":"Editor_pep"},"logo":{"@id":"https:\/\/pepllado.com\/es\/#\/schema\/person\/image\/"}}]}},"_links":{"self":[{"href":"https:\/\/pepllado.com\/es\/wp-json\/wp\/v2\/pages\/211"}],"collection":[{"href":"https:\/\/pepllado.com\/es\/wp-json\/wp\/v2\/pages"}],"about":[{"href":"https:\/\/pepllado.com\/es\/wp-json\/wp\/v2\/types\/page"}],"author":[{"embeddable":true,"href":"https:\/\/pepllado.com\/es\/wp-json\/wp\/v2\/users\/2"}],"replies":[{"embeddable":true,"href":"https:\/\/pepllado.com\/es\/wp-json\/wp\/v2\/comments?post=211"}],"version-history":[{"count":9,"href":"https:\/\/pepllado.com\/es\/wp-json\/wp\/v2\/pages\/211\/revisions"}],"predecessor-version":[{"id":228,"href":"https:\/\/pepllado.com\/es\/wp-json\/wp\/v2\/pages\/211\/revisions\/228"}],"wp:attachment":[{"href":"https:\/\/pepllado.com\/es\/wp-json\/wp\/v2\/media?parent=211"}],"curies":[{"name":"wp","href":"https:\/\/api.w.org\/{rel}","templated":true}]}}