{"id":5,"date":"2023-05-18T14:26:28","date_gmt":"2023-05-18T14:26:28","guid":{"rendered":"http:\/\/pepllado.com\/?page_id=5"},"modified":"2024-05-27T16:57:20","modified_gmt":"2024-05-27T14:57:20","slug":"inicio","status":"publish","type":"page","link":"https:\/\/pepllado.com\/es\/","title":{"rendered":"Inicio"},"content":{"rendered":"<p>Bienvenido\/a a esta web. Qui\u00e9n sabe qu\u00e9 vientos te han llevado hasta aqu\u00ed. Por si no nos conocemos, te dir\u00e9 que soy pianista, cantautor y productor musical, y que hace m\u00e1s de cuarenta a\u00f1os que me dedico a este oficio. Durante este tiempo he hecho un poco de todo: he producido discos, he acompa\u00f1ado cantantes, he hecho m\u00fasica para la televisi\u00f3n, he sacado adelante un estudio de grabaci\u00f3n, un sello discogr\u00e1fico\u2026 \u00a1Cuarenta a\u00f1os dan para mucho!<\/p>\n<p>En el a\u00f1o noventa y uno creamos el grupo de Rumba Catalana AI AI AI, y durante veinticinco a\u00f1os fue el eje principal de mi expresi\u00f3n art\u00edstica. M\u00e1s adelante emprend\u00ed mi camino en solitario y a\u00fan estoy en ello: preparando discos, componiendo canciones y haciendo conciertos. Para saber m\u00e1s sobre mi trayectoria puedes consultar la <a href=\"https:\/\/ca.wikipedia.org\/wiki\/Pep_Llad%C3%B3\" target=\"_blank\" rel=\"noopener\">wikipedia<\/a>.<\/p>\n<p>Espero que en estas p\u00e1ginas encuentres aquello que buscas.<\/p>\n","protected":false},"excerpt":{"rendered":"<p>Bienvenido\/a a esta web. Qui\u00e9n sabe qu\u00e9 vientos te han llevado hasta aqu\u00ed. Por si no nos conocemos, te dir\u00e9 que soy pianista, cantautor y productor musical, y que hace m\u00e1s de cuarenta a\u00f1os que me dedico a este oficio. Durante este tiempo he hecho un poco de todo: he producido discos, he acompa\u00f1ado cantantes, [&hellip;]<\/p>\n","protected":false},"author":2,"featured_media":136,"parent":0,"menu_order":0,"comment_status":"closed","ping_status":"closed","template":"page-templates\/inici.php","meta":{"footnotes":""},"yoast_head":"<!-- This site is optimized with the Yoast SEO plugin v22.7 - https:\/\/yoast.com\/wordpress\/plugins\/seo\/ -->\n<title>Inicio - Pep Llad\u00f3<\/title>\n<meta name=\"description\" content=\"Pep Llad\u00f3, m\u00fasico y compositor. Pianista, cantautor y productor musical. Miembro del grupo de Rumba Catalana AI AI AI. Actualmente centrado en la carrera en solitario...\" \/>\n<meta name=\"robots\" content=\"index, follow, max-snippet:-1, max-image-preview:large, max-video-preview:-1\" \/>\n<link rel=\"canonical\" href=\"https:\/\/pepllado.com\/es\/\" \/>\n<meta property=\"og:locale\" content=\"es_ES\" \/>\n<meta property=\"og:type\" content=\"article\" \/>\n<meta property=\"og:title\" content=\"Inicio - Pep Llad\u00f3\" \/>\n<meta property=\"og:description\" content=\"Pep Llad\u00f3, m\u00fasico y compositor. Pianista, cantautor y productor musical. Miembro del grupo de Rumba Catalana AI AI AI. Actualmente centrado en la carrera en solitario...\" \/>\n<meta property=\"og:url\" content=\"https:\/\/pepllado.com\/es\/\" \/>\n<meta property=\"og:site_name\" content=\"Pep Llad\u00f3\" \/>\n<meta property=\"article:modified_time\" content=\"2024-05-27T14:57:20+00:00\" \/>\n<meta property=\"og:image\" content=\"https:\/\/pepllado.com\/wp-content\/uploads\/2024\/05\/Pep_llado_portada_bg_2.jpg\" \/>\n\t<meta property=\"og:image:width\" content=\"1920\" \/>\n\t<meta property=\"og:image:height\" content=\"1035\" \/>\n\t<meta property=\"og:image:type\" content=\"image\/jpeg\" \/>\n<meta name=\"twitter:card\" content=\"summary_large_image\" \/>\n<meta name=\"twitter:label1\" content=\"Tiempo de lectura\" \/>\n\t<meta name=\"twitter:data1\" content=\"1 minuto\" \/>\n<script type=\"application\/ld+json\" class=\"yoast-schema-graph\">{\"@context\":\"https:\/\/schema.org\",\"@graph\":[{\"@type\":\"WebPage\",\"@id\":\"https:\/\/pepllado.com\/es\/\",\"url\":\"https:\/\/pepllado.com\/es\/\",\"name\":\"Inicio - Pep Llad\u00f3\",\"isPartOf\":{\"@id\":\"https:\/\/pepllado.com\/es\/#website\"},\"primaryImageOfPage\":{\"@id\":\"https:\/\/pepllado.com\/es\/#primaryimage\"},\"image\":{\"@id\":\"https:\/\/pepllado.com\/es\/#primaryimage\"},\"thumbnailUrl\":\"https:\/\/pepllado.com\/wp-content\/uploads\/2024\/05\/Pep_llado_portada_bg_2.jpg\",\"datePublished\":\"2023-05-18T14:26:28+00:00\",\"dateModified\":\"2024-05-27T14:57:20+00:00\",\"description\":\"Pep Llad\u00f3, m\u00fasico y compositor. Pianista, cantautor y productor musical. Miembro del grupo de Rumba Catalana AI AI AI. Actualmente centrado en la carrera en solitario...\",\"breadcrumb\":{\"@id\":\"https:\/\/pepllado.com\/es\/#breadcrumb\"},\"inLanguage\":\"es\",\"potentialAction\":[{\"@type\":\"ReadAction\",\"target\":[\"https:\/\/pepllado.com\/es\/\"]}]},{\"@type\":\"ImageObject\",\"inLanguage\":\"es\",\"@id\":\"https:\/\/pepllado.com\/es\/#primaryimage\",\"url\":\"https:\/\/pepllado.com\/wp-content\/uploads\/2024\/05\/Pep_llado_portada_bg_2.jpg\",\"contentUrl\":\"https:\/\/pepllado.com\/wp-content\/uploads\/2024\/05\/Pep_llado_portada_bg_2.jpg\",\"width\":1920,\"height\":1035,\"caption\":\"Pep Llad\u00f3 - M\u00fasic i compositor\"},{\"@type\":\"BreadcrumbList\",\"@id\":\"https:\/\/pepllado.com\/es\/#breadcrumb\",\"itemListElement\":[{\"@type\":\"ListItem\",\"position\":1,\"name\":\"Inici\",\"item\":\"https:\/\/pepllado.com\/es\/\"},{\"@type\":\"ListItem\",\"position\":2,\"name\":\"Inicio\"}]},{\"@type\":\"WebSite\",\"@id\":\"https:\/\/pepllado.com\/es\/#website\",\"url\":\"https:\/\/pepllado.com\/es\/\",\"name\":\"Pep Llad\u00f3\",\"description\":\"M\u00fasico y compositor\",\"publisher\":{\"@id\":\"https:\/\/pepllado.com\/es\/#\/schema\/person\/901bbc34ce14348280e560f8655121c1\"},\"alternateName\":\"M\u00fasic i compositor\",\"potentialAction\":[{\"@type\":\"SearchAction\",\"target\":{\"@type\":\"EntryPoint\",\"urlTemplate\":\"https:\/\/pepllado.com\/es\/?s={search_term_string}\"},\"query-input\":\"required name=search_term_string\"}],\"inLanguage\":\"es\"},{\"@type\":[\"Person\",\"Organization\"],\"@id\":\"https:\/\/pepllado.com\/es\/#\/schema\/person\/901bbc34ce14348280e560f8655121c1\",\"name\":\"Editor_pep\",\"image\":{\"@type\":\"ImageObject\",\"inLanguage\":\"es\",\"@id\":\"https:\/\/pepllado.com\/es\/#\/schema\/person\/image\/\",\"url\":\"https:\/\/pepllado.com\/wp-content\/uploads\/2024\/04\/pepllado-negra.png\",\"contentUrl\":\"https:\/\/pepllado.com\/wp-content\/uploads\/2024\/04\/pepllado-negra.png\",\"width\":696,\"height\":219,\"caption\":\"Editor_pep\"},\"logo\":{\"@id\":\"https:\/\/pepllado.com\/es\/#\/schema\/person\/image\/\"}}]}<\/script>\n<!-- \/ Yoast SEO plugin. -->","yoast_head_json":{"title":"Inicio - Pep Llad\u00f3","description":"Pep Llad\u00f3, m\u00fasico y compositor. Pianista, cantautor y productor musical. Miembro del grupo de Rumba Catalana AI AI AI. Actualmente centrado en la carrera en solitario...","robots":{"index":"index","follow":"follow","max-snippet":"max-snippet:-1","max-image-preview":"max-image-preview:large","max-video-preview":"max-video-preview:-1"},"canonical":"https:\/\/pepllado.com\/es\/","og_locale":"es_ES","og_type":"article","og_title":"Inicio - Pep Llad\u00f3","og_description":"Pep Llad\u00f3, m\u00fasico y compositor. Pianista, cantautor y productor musical. Miembro del grupo de Rumba Catalana AI AI AI. Actualmente centrado en la carrera en solitario...","og_url":"https:\/\/pepllado.com\/es\/","og_site_name":"Pep Llad\u00f3","article_modified_time":"2024-05-27T14:57:20+00:00","og_image":[{"width":1920,"height":1035,"url":"https:\/\/pepllado.com\/wp-content\/uploads\/2024\/05\/Pep_llado_portada_bg_2.jpg","type":"image\/jpeg"}],"twitter_card":"summary_large_image","twitter_misc":{"Tiempo de lectura":"1 minuto"},"schema":{"@context":"https:\/\/schema.org","@graph":[{"@type":"WebPage","@id":"https:\/\/pepllado.com\/es\/","url":"https:\/\/pepllado.com\/es\/","name":"Inicio - Pep Llad\u00f3","isPartOf":{"@id":"https:\/\/pepllado.com\/es\/#website"},"primaryImageOfPage":{"@id":"https:\/\/pepllado.com\/es\/#primaryimage"},"image":{"@id":"https:\/\/pepllado.com\/es\/#primaryimage"},"thumbnailUrl":"https:\/\/pepllado.com\/wp-content\/uploads\/2024\/05\/Pep_llado_portada_bg_2.jpg","datePublished":"2023-05-18T14:26:28+00:00","dateModified":"2024-05-27T14:57:20+00:00","description":"Pep Llad\u00f3, m\u00fasico y compositor. Pianista, cantautor y productor musical. Miembro del grupo de Rumba Catalana AI AI AI. Actualmente centrado en la carrera en solitario...","breadcrumb":{"@id":"https:\/\/pepllado.com\/es\/#breadcrumb"},"inLanguage":"es","potentialAction":[{"@type":"ReadAction","target":["https:\/\/pepllado.com\/es\/"]}]},{"@type":"ImageObject","inLanguage":"es","@id":"https:\/\/pepllado.com\/es\/#primaryimage","url":"https:\/\/pepllado.com\/wp-content\/uploads\/2024\/05\/Pep_llado_portada_bg_2.jpg","contentUrl":"https:\/\/pepllado.com\/wp-content\/uploads\/2024\/05\/Pep_llado_portada_bg_2.jpg","width":1920,"height":1035,"caption":"Pep Llad\u00f3 - M\u00fasic i compositor"},{"@type":"BreadcrumbList","@id":"https:\/\/pepllado.com\/es\/#breadcrumb","itemListElement":[{"@type":"ListItem","position":1,"name":"Inici","item":"https:\/\/pepllado.com\/es\/"},{"@type":"ListItem","position":2,"name":"Inicio"}]},{"@type":"WebSite","@id":"https:\/\/pepllado.com\/es\/#website","url":"https:\/\/pepllado.com\/es\/","name":"Pep Llad\u00f3","description":"M\u00fasico y compositor","publisher":{"@id":"https:\/\/pepllado.com\/es\/#\/schema\/person\/901bbc34ce14348280e560f8655121c1"},"alternateName":"M\u00fasic i compositor","potentialAction":[{"@type":"SearchAction","target":{"@type":"EntryPoint","urlTemplate":"https:\/\/pepllado.com\/es\/?s={search_term_string}"},"query-input":"required name=search_term_string"}],"inLanguage":"es"},{"@type":["Person","Organization"],"@id":"https:\/\/pepllado.com\/es\/#\/schema\/person\/901bbc34ce14348280e560f8655121c1","name":"Editor_pep","image":{"@type":"ImageObject","inLanguage":"es","@id":"https:\/\/pepllado.com\/es\/#\/schema\/person\/image\/","url":"https:\/\/pepllado.com\/wp-content\/uploads\/2024\/04\/pepllado-negra.png","contentUrl":"https:\/\/pepllado.com\/wp-content\/uploads\/2024\/04\/pepllado-negra.png","width":696,"height":219,"caption":"Editor_pep"},"logo":{"@id":"https:\/\/pepllado.com\/es\/#\/schema\/person\/image\/"}}]}},"_links":{"self":[{"href":"https:\/\/pepllado.com\/es\/wp-json\/wp\/v2\/pages\/5"}],"collection":[{"href":"https:\/\/pepllado.com\/es\/wp-json\/wp\/v2\/pages"}],"about":[{"href":"https:\/\/pepllado.com\/es\/wp-json\/wp\/v2\/types\/page"}],"author":[{"embeddable":true,"href":"https:\/\/pepllado.com\/es\/wp-json\/wp\/v2\/users\/2"}],"replies":[{"embeddable":true,"href":"https:\/\/pepllado.com\/es\/wp-json\/wp\/v2\/comments?post=5"}],"version-history":[{"count":3,"href":"https:\/\/pepllado.com\/es\/wp-json\/wp\/v2\/pages\/5\/revisions"}],"predecessor-version":[{"id":193,"href":"https:\/\/pepllado.com\/es\/wp-json\/wp\/v2\/pages\/5\/revisions\/193"}],"wp:featuredmedia":[{"embeddable":true,"href":"https:\/\/pepllado.com\/es\/wp-json\/wp\/v2\/media\/136"}],"wp:attachment":[{"href":"https:\/\/pepllado.com\/es\/wp-json\/wp\/v2\/media?parent=5"}],"curies":[{"name":"wp","href":"https:\/\/api.w.org\/{rel}","templated":true}]}}