{"id":8,"date":"2023-05-18T14:27:03","date_gmt":"2023-05-18T14:27:03","guid":{"rendered":"http:\/\/pepllado.com\/?page_id=8"},"modified":"2024-05-27T16:45:05","modified_gmt":"2024-05-27T14:45:05","slug":"aviso-legal","status":"publish","type":"page","link":"https:\/\/pepllado.com\/es\/aviso-legal\/","title":{"rendered":"Aviso legal"},"content":{"rendered":"<p>En este documento encontrar\u00e1 toda la informaci\u00f3n necesaria sobre los servicios que ofrece pepllado.com a trav\u00e9s de la p\u00e1gina web pepllado.com. Le invitamos a leerlas con detenimiento y a consultarlas siempre que quiera.<\/p>\n<p>Puede dirigirse a nosotros a la direcci\u00f3n de correo electr\u00f3nico pep@pepllado.com.<\/p>\n<p>&nbsp;<\/p>\n<h2>\u00bfQui\u00e9nes somos?<\/h2>\n<p>La p\u00e1gina web pepllado.com (en adelante, el Sitio Web) es un dominio en internet titularidad de pepllado.com. Los datos identificativos de pepllado.com son:<\/p>\n<ul>\n<li>N.I.F.: 38789295W<\/li>\n<\/ul>\n<p>&nbsp;<\/p>\n<h2>Aceptaci\u00f3n de las condiciones de uso<\/h2>\n<p>Navegando por el Sitio Web acepta plenamente todas y cada una de las condiciones legales expuestas en el Aviso legal, en la <a href=\"http:\/\/pepllado.com\/politica-privacidad\/\">Pol\u00edtica de Privacidad<\/a> y en la <a href=\"http:\/\/pepllado.com\/politica-de-cookies\/\">Pol\u00edtica de cookies<\/a>.<\/p>\n<p>Para adaptar los textos legales del Sitio Web a los contenidos de la misma en cada momento, nos reservamos el derecho a realizar las modificaciones oportunas en el Aviso legal, en la Pol\u00edtica de Privacidad y en la Pol\u00edtica de cookies.<\/p>\n<p>&nbsp;<\/p>\n<h2>Acceso al Sitio Web e informaci\u00f3n sobre el mismo<\/h2>\n<p>El acceso al Sitio Web es totalmente gratuito y no requiere el registro de los usuarios.<\/p>\n<p>Este Sitio Web tiene como objetivo fundamental la difusi\u00f3n de los servicios de pepllado.com, as\u00ed como facilitar informaci\u00f3n de la propia empresa.<\/p>\n<p>A trav\u00e9s del Sitio Web, le proporcionamos un medio de comunicaci\u00f3n para que pueda contactarnos con la finalidad de recibir informaci\u00f3n de nuestros servicios que puedan ser de su inter\u00e9s, as\u00ed como para dar respuesta a consultas relacionadas con pepllado.com, por lo que velaremos por controlar que en todo momento la informaci\u00f3n que aparezca en el Sitio Web sea veraz, precisa y accesible.<\/p>\n<p>pepllado.com, no puede garantizar la inexistencia de interrupciones o errores en el acceso al sitio web o a su contenido, ni que \u00e9ste se encuentre permanentemente actualizado, sin imprecisiones o inexactitudes. En cualquier caso, nos comprometemos a solucionar los posibles errores, interrupciones en la comunicaci\u00f3n y falta de actualizaci\u00f3n de dichos contenidos lo antes posible.<\/p>\n<p>&nbsp;<\/p>\n<h2>Normas de Uso<\/h2>\n<p>Al navegar se compromete a utilizar la web de conformidad con la ley y las presentes Condiciones. Asimismo, garantiza hacer un uso adecuado del contenido del Sitio Web y a no emplearlo para realizar actividades il\u00edcitas o constitutivas de delito, que atenten contra los derechos de terceros y\/o que infrinjan la regulaci\u00f3n sobre propiedad intelectual e industrial, o cualesquiera otras normas del ordenamiento jur\u00eddico aplicable.<\/p>\n<p>La informaci\u00f3n que proporciona la p\u00e1gina Web se utilizar\u00e1 \u00fanicamente para los servicios que ofrece pepllado.com.<\/p>\n<p>El usuario se obliga a utilizar la informaci\u00f3n contenida en la presente p\u00e1gina Web para sus propias necesidades exclusivamente y a no realizar directa o indirectamente ning\u00fan tipo de explotaci\u00f3n comercial de los contenidos y servicios a los que tiene acceso.<\/p>\n<p>Como usuario del Sitio Web, reconoce y acepta que es el \u00fanico responsable del uso que realice del mismo, y de los servicios y contenidos accesibles a trav\u00e9s del Sitio Web.<\/p>\n<p>Por ello, entre otras actividades, el usuario se compromete a:<\/p>\n<ol>\n<li>No introducir o difundir contenidos de car\u00e1cter racista, xen\u00f3fobo, pornogr\u00e1fico, de apolog\u00eda del terrorismo o que atenten contra los derechos humanos.<\/li>\n<li>No introducir o difundir en la red programas de datos (virus y software nocivo) susceptibles de provocar da\u00f1os en los sistemas inform\u00e1ticos del proveedor de acceso, sus proveedores o terceros Usuarios de la red Internet.<\/li>\n<li>No difundir, transmitir o poner a disposici\u00f3n de terceros cualquier tipo de informaci\u00f3n, elemento o contenido que atente contra los derechos fundamentales y las libertades p\u00fablicas reconocidos constitucionalmente y en los tratados internacionales.<\/li>\n<li>No difundir, transmitir o poner a disposici\u00f3n de terceros cualquier tipo de informaci\u00f3n, elemento o contenido que constituya publicidad il\u00edcita o desleal.<\/li>\n<li>No introducir o difundir cualquier informaci\u00f3n y contenidos falsos, ambiguos o inexactos de forma que induzca a error.<\/li>\n<\/ol>\n<p>El usuario ser\u00e1 el \u00fanico responsable de los da\u00f1os o perjuicios que se produzcan como consecuencia de un incumplimiento por su parte.<\/p>\n<p>&nbsp;<\/p>\n<h2>Enlaces<\/h2>\n<p>Si desea enlazar el Sitio Web en cualquier web, foro, chat, plataforma o red social, est\u00e1 obligado a indicar que no cuenta con nuestra supervisi\u00f3n o autorizaci\u00f3n. En ning\u00fan supuesto se permite enlazar el Sitio Web desde webs, plataformas, foros, chats, blogs o redes sociales contrarias a la ley o a las buenas costumbres, en concreto desde aquellas con contenidos pornogr\u00e1ficos o que atenten contra los derechos humanos.<\/p>\n<p>Es importante aclarar que ning\u00fan enlace supone una vinculaci\u00f3n entre pepllado.com, y el sitio desde el que vincule al Sitio Web, por lo que no somos responsables de los datos o contenidos que proporcionen.<\/p>\n<p>Esta Web incluye enlaces con otras p\u00e1ginas Web de terceros, pepllado.com no se hace responsable de las variaciones en relaci\u00f3n con las informaciones, servicios y contenido en general de dichas p\u00e1ginas Web.<\/p>\n<p>&nbsp;<\/p>\n<h2>Tiene presencia en otras plataformas y redes sociales<\/h2>\n<p>El Sitio Web, utiliza redes sociales y plataformas. Por favor, tenga en cuenta al acceder a cualquiera de estas redes o plataformas que las condiciones de uso aplicables son las que cada plataforma tiene establecidas, sobre las cuales no tenemos ning\u00fan tipo de control.<\/p>\n<p>&nbsp;<\/p>\n<h2>Propiedad intelectual e industrial<\/h2>\n<p>El Sitio Web y todos sus contenidos (entre los que se encuentran, a t\u00edtulo enunciativo y no limitativo, las marcas, logotipos, textos, fotograf\u00edas, iconos, im\u00e1genes, gr\u00e1ficos, tecnolog\u00eda, links, contenidos audiovisuales o sonoros, etc., as\u00ed como el dise\u00f1o gr\u00e1fico, c\u00f3digo fuente y dem\u00e1s elementos de software contenidos en la presente p\u00e1gina Web), son titularidad de pepllado.com, y se hayan debidamente licenciados a su favor, y est\u00e1n sujetos a derechos de propiedad intelectual e industrial, protegidos por la legislaci\u00f3n espa\u00f1ola. Por ello, si quiere realizar actos de explotaci\u00f3n del Sitio Web o de sus contenidos (reproducirlos, transformarlos, comunicarlos, etc., m\u00e1s all\u00e1 de las actividades autorizadas por la Ley de Propiedad Intelectual) necesita obtener previamente nuestro consentimiento por escrito (datos de contacto en la cabecera del presente Aviso legal), con independencia de los fines que le muevan. Asimismo, queda prohibido eliminar los datos identificativos de pepllado.com, como titular de los derechos de Propiedad Intelectual e Industrial del Sitio Web o sus contenidos.<\/p>\n<p>Por \u00faltimo, acepta conceder una licencia de uso gratuita, sin limitaci\u00f3n territorial y por la m\u00e1xima extensi\u00f3n temporal permitida por la Ley, sobre los contenidos que suba al Sitio Web por cualquier medio o canal.<\/p>\n<p>La responsabilidad derivada del uso sin autorizaci\u00f3n de materiales protegidos por los derechos de propiedad intelectual e industrial contenidos en esta p\u00e1gina corresponder\u00e1 exclusivamente al usuario.<\/p>\n<p>El hecho de que no le solicitemos que cese de realizar un uso il\u00edcito o contrario a las presentes condiciones de los Contenidos no puede ser entendido en ning\u00fan caso como un consentimiento o autorizaci\u00f3n para dicho uso. Tampoco constituye una renuncia al ejercicio de las acciones legales que puedan correspondernos.<\/p>\n<p>&nbsp;<\/p>\n<h2>Responsabilidades por el funcionamiento de la web<\/h2>\n<p>Es importante que recuerde que le corresponde a usted tener disponibles las herramientas para la detenci\u00f3n y desinfecci\u00f3n de programas inform\u00e1ticos da\u00f1inos. A pesar de que pepllado.com, se esfuerza por mantener el Sitio Web libre de virus, gusanos o cualquier otro elemento inform\u00e1tico da\u00f1ino, no podemos garantizar su completa ausencia.<\/p>\n<p>Asimismo, pepllado.com, no se responsabiliza de los da\u00f1os producidos en el software y equipos inform\u00e1ticos de los usuarios durante la utilizaci\u00f3n de los servicios ofrecidos en el Sitio Web, ni de los da\u00f1os o perjuicios de cualquier tipo que le sean causados que traigan causa de fallos o desconexiones en las redes de telecomunicaciones que produzcan la suspensi\u00f3n, cancelaci\u00f3n o interrupci\u00f3n del servicio.<\/p>\n<p>&nbsp;<\/p>\n<h2>Cumple con la legalidad en materia de responsabilidades<\/h2>\n<p>pepllado.com, vela por la exactitud de los datos que aparecen publicados en el Sitio Web. Por favor, si detecta alg\u00fan error en los mismos, p\u00f3ngase en contacto con nosotros en la direcci\u00f3n de correo electr\u00f3nico pep@pepllado.com. Sin embargo, y a pesar de nuestros esfuerzos, internet no es un medio inexpugnable, por lo que no podemos garantizar que los contenidos e informaciones se muestren siempre actualizados en su \u00faltima versi\u00f3n. Siempre que fuese posible, le informaremos de cualquier interrupci\u00f3n que afecte a la informaci\u00f3n mostrada en el Sitio Web. Asimismo, pepllado.com, no ser\u00e1 responsable del error en el acceso a distintas p\u00e1ginas del Sitio Web, cuando estos sean causados por motivos que est\u00e9n fuera de nuestro control.<\/p>\n<p>pepllado.com, no ser\u00e1 responsable del mal uso que los usuarios del Sitio Web puedan hacer del Sitio Web o sus contenidos, ni de aquellos usos que sean contrarios a la buena fe, a la legalidad o al presente Aviso legal. Asimismo, pepllado.com, declina cualquier responsabilidad derivada de la infracci\u00f3n de derechos de propiedad intelectual de cualquier clase por parte de los usuarios.<\/p>\n<p>No podemos tampoco controlar ni gestionar la integridad, funcionamiento y veracidad de los enlaces que puedan aparecer en el Sitio Web a sitios de internet que no son de nuestra titularidad. Por ello, declinamos cualquier responsabilidad sobre los mismos.<\/p>\n<p>&nbsp;<\/p>\n<h2>Duraci\u00f3n de las condiciones de uso<\/h2>\n<p>Para adaptar el texto legal a la realidad del Sitio Web, nos reservamos el derecho de modificarlo o actualizarlo en cualquier momento, por lo que le recomendamos consultarlo con frecuencia.<\/p>\n<p>Si cualquier cl\u00e1usula incluida en el presente Aviso Legal fuese declarada total o parcialmente nula o ineficaz, tal nulidad o ineficacia s\u00f3lo afectar\u00e1 a dicha cl\u00e1usula o a la parte de la misma que resulte nula o ineficaz, subsistiendo el presente Aviso Legal en todo lo dem\u00e1s.<\/p>\n<p>&nbsp;<\/p>\n<h2>Uso de im\u00e1genes gen\u00e9ricas<\/h2>\n<p>Varias de las im\u00e1genes gen\u00e9ricas utilizadas en la web pueden provenir del banco de im\u00e1genes https:\/\/unsplash.com\/ bajo licencia gratuita Unsplash en el momento de adquisici\u00f3n y de acuerdo con la informaci\u00f3n disponible. Para cualquier solicitud de citar expl\u00edcitamente la autor\u00eda o eliminar de la web alguna imagen nos puede contactar en pep@pepllado.com y actuaremos de inmediato para atender la petici\u00f3n. Se ha mantenido el nombre original de las im\u00e1genes adquiridas en Unsplash con la finalidad de poder identificar el\/la autor\/a de las mismas. El nombre de archivo contiene el nombre del\/la autor\/a y un identificador \u00fanico de Unsplash.<\/p>\n<h2>Le invitamos a comunicar cualquier comentario o duda<\/h2>\n<p>Ponemos a su disposici\u00f3n el correo electr\u00f3nico pep@pepllado.com para que lo utilice siempre que tenga alguna duda, consulta o comentario, tanto del contenido de la web, como en relaci\u00f3n a los t\u00e9rminos legales de la misma.<\/p>\n<p>Asimismo, si detecta alg\u00fan error en la informaci\u00f3n ofrecida o en la configuraci\u00f3n, actualizaci\u00f3n y contenido del Sitio Web, le agradecer\u00edamos que lo ponga en conocimiento de pepllado.com en la direcci\u00f3n anteriormente referida.<\/p>\n<p>&nbsp;<\/p>\n<h2>Normativa aplicable y jurisdicci\u00f3n<\/h2>\n<p>Las presentes Condiciones se regir\u00e1n e interpretar\u00e1n conforme a la legislaci\u00f3n espa\u00f1ola, al igual que la resoluci\u00f3n de cualquier controversia o divergencia relacionada con el presente sitio Web. El uso de los servicios del presente sitio web, supone la aceptaci\u00f3n expresa de la jurisdicci\u00f3n espa\u00f1ola.<\/p>\n<p>Asimismo, las partes acuerdan que cualquier litigio, discrepancia, cuesti\u00f3n o reclamaci\u00f3n resultante de la ejecuci\u00f3n e interpretaci\u00f3n de las presentes condiciones o relacionadas con ellas, o de otros textos que puedan estar en el presente sitio web, se resolver\u00e1 en los Juzgados y Tribunales de Barcelona\u00a0 con renuncia expresa a cualquier otro derecho o demarcaci\u00f3n jurisdiccional que pueda resultar competente (salvo que exista un conflicto protegido por Ley, en cuyo caso ser\u00eda de aplicaci\u00f3n preferente el lugar designado en la legislaci\u00f3n aplicable).<\/p>\n<p>Fecha \u00faltima de actualizaci\u00f3n: mayo 2024<\/p>\n","protected":false},"excerpt":{"rendered":"<p>En este documento encontrar\u00e1 toda la informaci\u00f3n necesaria sobre los servicios que ofrece pepllado.com a trav\u00e9s de la p\u00e1gina web pepllado.com. Le invitamos a leerlas con detenimiento y a consultarlas siempre que quiera. Puede dirigirse a nosotros a la direcci\u00f3n de correo electr\u00f3nico pep@pepllado.com. &nbsp; \u00bfQui\u00e9nes somos? La p\u00e1gina web pepllado.com (en adelante, el Sitio [&hellip;]<\/p>\n","protected":false},"author":2,"featured_media":0,"parent":0,"menu_order":0,"comment_status":"closed","ping_status":"closed","template":"","meta":{"footnotes":""},"yoast_head":"<!-- This site is optimized with the Yoast SEO plugin v22.7 - https:\/\/yoast.com\/wordpress\/plugins\/seo\/ -->\n<title>Aviso legal - Pep Llad\u00f3<\/title>\n<meta name=\"robots\" content=\"noindex, nofollow\" \/>\n<meta property=\"og:locale\" content=\"es_ES\" \/>\n<meta property=\"og:type\" content=\"article\" \/>\n<meta property=\"og:title\" content=\"Aviso legal - Pep Llad\u00f3\" \/>\n<meta property=\"og:description\" content=\"En este documento encontrar\u00e1 toda la informaci\u00f3n necesaria sobre los servicios que ofrece pepllado.com a trav\u00e9s de la p\u00e1gina web pepllado.com. Le invitamos a leerlas con detenimiento y a consultarlas siempre que quiera. Puede dirigirse a nosotros a la direcci\u00f3n de correo electr\u00f3nico pep@pepllado.com. &nbsp; \u00bfQui\u00e9nes somos? La p\u00e1gina web pepllado.com (en adelante, el Sitio [&hellip;]\" \/>\n<meta property=\"og:url\" content=\"https:\/\/pepllado.com\/es\/aviso-legal\/\" \/>\n<meta property=\"og:site_name\" content=\"Pep Llad\u00f3\" \/>\n<meta property=\"article:modified_time\" content=\"2024-05-27T14:45:05+00:00\" \/>\n<meta property=\"og:image\" content=\"https:\/\/pepllado.com\/wp-content\/uploads\/2024\/05\/Pep_llado_portada_seo-1.jpg\" \/>\n\t<meta property=\"og:image:width\" content=\"1200\" \/>\n\t<meta property=\"og:image:height\" content=\"695\" \/>\n\t<meta property=\"og:image:type\" content=\"image\/jpeg\" \/>\n<meta name=\"twitter:card\" content=\"summary_large_image\" \/>\n<meta name=\"twitter:label1\" content=\"Tiempo de lectura\" \/>\n\t<meta name=\"twitter:data1\" content=\"11 minutos\" \/>\n<script type=\"application\/ld+json\" class=\"yoast-schema-graph\">{\"@context\":\"https:\/\/schema.org\",\"@graph\":[{\"@type\":\"WebPage\",\"@id\":\"https:\/\/pepllado.com\/es\/aviso-legal\/\",\"url\":\"https:\/\/pepllado.com\/es\/aviso-legal\/\",\"name\":\"Aviso legal - Pep Llad\u00f3\",\"isPartOf\":{\"@id\":\"https:\/\/pepllado.com\/es\/#website\"},\"datePublished\":\"2023-05-18T14:27:03+00:00\",\"dateModified\":\"2024-05-27T14:45:05+00:00\",\"breadcrumb\":{\"@id\":\"https:\/\/pepllado.com\/es\/aviso-legal\/#breadcrumb\"},\"inLanguage\":\"es\",\"potentialAction\":[{\"@type\":\"ReadAction\",\"target\":[\"https:\/\/pepllado.com\/es\/aviso-legal\/\"]}]},{\"@type\":\"BreadcrumbList\",\"@id\":\"https:\/\/pepllado.com\/es\/aviso-legal\/#breadcrumb\",\"itemListElement\":[{\"@type\":\"ListItem\",\"position\":1,\"name\":\"Inici\",\"item\":\"https:\/\/pepllado.com\/es\/\"},{\"@type\":\"ListItem\",\"position\":2,\"name\":\"Aviso legal\"}]},{\"@type\":\"WebSite\",\"@id\":\"https:\/\/pepllado.com\/es\/#website\",\"url\":\"https:\/\/pepllado.com\/es\/\",\"name\":\"Pep Llad\u00f3\",\"description\":\"M\u00fasico y compositor\",\"publisher\":{\"@id\":\"https:\/\/pepllado.com\/es\/#\/schema\/person\/901bbc34ce14348280e560f8655121c1\"},\"alternateName\":\"M\u00fasic i compositor\",\"potentialAction\":[{\"@type\":\"SearchAction\",\"target\":{\"@type\":\"EntryPoint\",\"urlTemplate\":\"https:\/\/pepllado.com\/es\/?s={search_term_string}\"},\"query-input\":\"required name=search_term_string\"}],\"inLanguage\":\"es\"},{\"@type\":[\"Person\",\"Organization\"],\"@id\":\"https:\/\/pepllado.com\/es\/#\/schema\/person\/901bbc34ce14348280e560f8655121c1\",\"name\":\"Editor_pep\",\"image\":{\"@type\":\"ImageObject\",\"inLanguage\":\"es\",\"@id\":\"https:\/\/pepllado.com\/es\/#\/schema\/person\/image\/\",\"url\":\"https:\/\/pepllado.com\/wp-content\/uploads\/2024\/04\/pepllado-negra.png\",\"contentUrl\":\"https:\/\/pepllado.com\/wp-content\/uploads\/2024\/04\/pepllado-negra.png\",\"width\":696,\"height\":219,\"caption\":\"Editor_pep\"},\"logo\":{\"@id\":\"https:\/\/pepllado.com\/es\/#\/schema\/person\/image\/\"}}]}<\/script>\n<!-- \/ Yoast SEO plugin. -->","yoast_head_json":{"title":"Aviso legal - Pep Llad\u00f3","robots":{"index":"noindex","follow":"nofollow"},"og_locale":"es_ES","og_type":"article","og_title":"Aviso legal - Pep Llad\u00f3","og_description":"En este documento encontrar\u00e1 toda la informaci\u00f3n necesaria sobre los servicios que ofrece pepllado.com a trav\u00e9s de la p\u00e1gina web pepllado.com. Le invitamos a leerlas con detenimiento y a consultarlas siempre que quiera. Puede dirigirse a nosotros a la direcci\u00f3n de correo electr\u00f3nico pep@pepllado.com. &nbsp; \u00bfQui\u00e9nes somos? La p\u00e1gina web pepllado.com (en adelante, el Sitio [&hellip;]","og_url":"https:\/\/pepllado.com\/es\/aviso-legal\/","og_site_name":"Pep Llad\u00f3","article_modified_time":"2024-05-27T14:45:05+00:00","og_image":[{"width":1200,"height":695,"url":"https:\/\/pepllado.com\/wp-content\/uploads\/2024\/05\/Pep_llado_portada_seo-1.jpg","type":"image\/jpeg"}],"twitter_card":"summary_large_image","twitter_misc":{"Tiempo de lectura":"11 minutos"},"schema":{"@context":"https:\/\/schema.org","@graph":[{"@type":"WebPage","@id":"https:\/\/pepllado.com\/es\/aviso-legal\/","url":"https:\/\/pepllado.com\/es\/aviso-legal\/","name":"Aviso legal - Pep Llad\u00f3","isPartOf":{"@id":"https:\/\/pepllado.com\/es\/#website"},"datePublished":"2023-05-18T14:27:03+00:00","dateModified":"2024-05-27T14:45:05+00:00","breadcrumb":{"@id":"https:\/\/pepllado.com\/es\/aviso-legal\/#breadcrumb"},"inLanguage":"es","potentialAction":[{"@type":"ReadAction","target":["https:\/\/pepllado.com\/es\/aviso-legal\/"]}]},{"@type":"BreadcrumbList","@id":"https:\/\/pepllado.com\/es\/aviso-legal\/#breadcrumb","itemListElement":[{"@type":"ListItem","position":1,"name":"Inici","item":"https:\/\/pepllado.com\/es\/"},{"@type":"ListItem","position":2,"name":"Aviso legal"}]},{"@type":"WebSite","@id":"https:\/\/pepllado.com\/es\/#website","url":"https:\/\/pepllado.com\/es\/","name":"Pep Llad\u00f3","description":"M\u00fasico y compositor","publisher":{"@id":"https:\/\/pepllado.com\/es\/#\/schema\/person\/901bbc34ce14348280e560f8655121c1"},"alternateName":"M\u00fasic i compositor","potentialAction":[{"@type":"SearchAction","target":{"@type":"EntryPoint","urlTemplate":"https:\/\/pepllado.com\/es\/?s={search_term_string}"},"query-input":"required name=search_term_string"}],"inLanguage":"es"},{"@type":["Person","Organization"],"@id":"https:\/\/pepllado.com\/es\/#\/schema\/person\/901bbc34ce14348280e560f8655121c1","name":"Editor_pep","image":{"@type":"ImageObject","inLanguage":"es","@id":"https:\/\/pepllado.com\/es\/#\/schema\/person\/image\/","url":"https:\/\/pepllado.com\/wp-content\/uploads\/2024\/04\/pepllado-negra.png","contentUrl":"https:\/\/pepllado.com\/wp-content\/uploads\/2024\/04\/pepllado-negra.png","width":696,"height":219,"caption":"Editor_pep"},"logo":{"@id":"https:\/\/pepllado.com\/es\/#\/schema\/person\/image\/"}}]}},"_links":{"self":[{"href":"https:\/\/pepllado.com\/es\/wp-json\/wp\/v2\/pages\/8"}],"collection":[{"href":"https:\/\/pepllado.com\/es\/wp-json\/wp\/v2\/pages"}],"about":[{"href":"https:\/\/pepllado.com\/es\/wp-json\/wp\/v2\/types\/page"}],"author":[{"embeddable":true,"href":"https:\/\/pepllado.com\/es\/wp-json\/wp\/v2\/users\/2"}],"replies":[{"embeddable":true,"href":"https:\/\/pepllado.com\/es\/wp-json\/wp\/v2\/comments?post=8"}],"version-history":[{"count":1,"href":"https:\/\/pepllado.com\/es\/wp-json\/wp\/v2\/pages\/8\/revisions"}],"predecessor-version":[{"id":208,"href":"https:\/\/pepllado.com\/es\/wp-json\/wp\/v2\/pages\/8\/revisions\/208"}],"wp:attachment":[{"href":"https:\/\/pepllado.com\/es\/wp-json\/wp\/v2\/media?parent=8"}],"curies":[{"name":"wp","href":"https:\/\/api.w.org\/{rel}","templated":true}]}}